{"id":48,"date":"2025-11-08T21:47:10","date_gmt":"2025-11-08T21:47:10","guid":{"rendered":"http:\/\/aporia.ovh\/?page_id=48"},"modified":"2025-11-27T18:08:20","modified_gmt":"2025-11-27T18:08:20","slug":"raison-garder","status":"publish","type":"page","link":"https:\/\/aporia.ovh\/index.php\/raison-garder\/","title":{"rendered":"Raison garder"},"content":{"rendered":"\n<p class=\"wp-block-paragraph\">Articles publi\u00e9s sur le blog <a href=\"http:\/\/agone.org\/antichambre\/\">Antichambre<\/a> des \u00e9ditions Agone, pour quelques Lumi\u00e8res dans un monde de brutes.<\/p>\n\n\n\n<ul class=\"wp-block-list\">\n<li><a href=\"https:\/\/aporia.ovh\/index.php\/2025\/05\/27\/ni-reductionnisme-ni-animisme\/\">Ni r\u00e9ductionnisme, ni animisme<\/a>\n<ul class=\"wp-block-list\">\n<li>\u00c0 propos des analyses de Nagel sur la subjectivit\u00e9 dans la nature.<\/li>\n<\/ul>\n<\/li>\n\n\n\n<li><a href=\"https:\/\/aporia.ovh\/index.php\/2025\/04\/14\/la-religion-dans-les-limites-de-la-simple-raison-penser-avec-jacques-bouveresse\/\" data-type=\"link\" data-id=\"https:\/\/aporia.ovh\/index.php\/2025\/04\/14\/la-religion-dans-les-limites-de-la-simple-raison-penser-avec-jacques-bouveresse\/\">La religion dans les limites de la simple raison<\/a>\n<ul class=\"wp-block-list\">\n<li>Penser avec Jacques Bouveresse, \u00e0 propos des analyses de Bouveresse sur la place des religions dans un projet rationaliste.<\/li>\n<\/ul>\n<\/li>\n\n\n\n<li><a href=\"https:\/\/aporia.ovh\/index.php\/2025\/01\/29\/usages-et-mesusages-du-concept-de-race\/\">Usages et m\u00e9susages du concept de race<\/a>\n<ul class=\"wp-block-list\">\n<li>Discussion sur le racisme avec Fabrice Gulli sur l&rsquo;ouvrage de Michael Hardimon, <em>Repenser la race<\/em>.<\/li>\n<\/ul>\n<\/li>\n\n\n\n<li><a href=\"https:\/\/aporia.ovh\/index.php\/2024\/10\/09\/comment-la-biologie-continue-de-structurer-lidentite-raciale\/\">Comment la biologie continue de structurer l\u2019identit\u00e9 raciale<\/a>\n<ul class=\"wp-block-list\">\n<li>\u00c0 propos des diff\u00e9rents concepts de race et du racisme.<\/li>\n<\/ul>\n<\/li>\n\n\n\n<li><a href=\"https:\/\/aporia.ovh\/index.php\/2024\/05\/29\/je-ne-suis-pas-la-personne-que-vous-croyez\/\">Je ne suis pas la personne que vous croyez<\/a>\n<ul class=\"wp-block-list\">\n<li>\u00c0 propos de l&rsquo;analyse de l&rsquo;identit\u00e9 personnelle par Parfit.<\/li>\n<\/ul>\n<\/li>\n\n\n\n<li><a href=\"https:\/\/aporia.ovh\/index.php\/2024\/05\/22\/prendre-la-morale-au-serieux\/\">Prendre la morale au s\u00e9rieux<\/a> \n<ul class=\"wp-block-list\">\n<li>\u00c0 propos du projet de renouveler l&rsquo;\u00e9thique port\u00e9 par Parfit dans <em>Les raisons et les personnes<\/em>.<\/li>\n<\/ul>\n<\/li>\n\n\n\n<li><a href=\"https:\/\/aporia.ovh\/index.php\/2024\/05\/17\/une-nouvelle-ethique\/\">Une nouvelle \u00e9thique<\/a> \n<ul class=\"wp-block-list\">\n<li>Pr\u00e9sentation de Parfit, <em>Les raisons et les personnes<\/em><\/li>\n<\/ul>\n<\/li>\n<\/ul>\n\n\n<p class=\"wp-block-tag-cloud\"><a href=\"https:\/\/aporia.ovh\/index.php\/tag\/agnosticisme\/\" class=\"tag-cloud-link tag-link-40 tag-link-position-1\" style=\"font-size: 8pt;\" aria-label=\"agnosticisme (1 \u00e9l\u00e9ment)\">agnosticisme<\/a>\n<a href=\"https:\/\/aporia.ovh\/index.php\/tag\/anthropologie\/\" class=\"tag-cloud-link tag-link-43 tag-link-position-2\" style=\"font-size: 8pt;\" aria-label=\"Anthropologie (1 \u00e9l\u00e9ment)\">Anthropologie<\/a>\n<a href=\"https:\/\/aporia.ovh\/index.php\/tag\/apologetique\/\" class=\"tag-cloud-link tag-link-55 tag-link-position-3\" style=\"font-size: 8pt;\" aria-label=\"Apolog\u00e9tique (1 \u00e9l\u00e9ment)\">Apolog\u00e9tique<\/a>\n<a href=\"https:\/\/aporia.ovh\/index.php\/tag\/bouveresse\/\" class=\"tag-cloud-link tag-link-37 tag-link-position-4\" style=\"font-size: 8pt;\" aria-label=\"Bouveresse (1 \u00e9l\u00e9ment)\">Bouveresse<\/a>\n<a href=\"https:\/\/aporia.ovh\/index.php\/tag\/conscience\/\" class=\"tag-cloud-link tag-link-30 tag-link-position-5\" style=\"font-size: 8pt;\" aria-label=\"Conscience (1 \u00e9l\u00e9ment)\">Conscience<\/a>\n<a href=\"https:\/\/aporia.ovh\/index.php\/tag\/croyance\/\" class=\"tag-cloud-link tag-link-18 tag-link-position-6\" style=\"font-size: 8pt;\" aria-label=\"Croyance (1 \u00e9l\u00e9ment)\">Croyance<\/a>\n<a href=\"https:\/\/aporia.ovh\/index.php\/tag\/dieu\/\" class=\"tag-cloud-link tag-link-17 tag-link-position-7\" style=\"font-size: 8pt;\" aria-label=\"Dieu (1 \u00e9l\u00e9ment)\">Dieu<\/a>\n<a href=\"https:\/\/aporia.ovh\/index.php\/tag\/democratie\/\" class=\"tag-cloud-link tag-link-48 tag-link-position-8\" style=\"font-size: 12.581818181818pt;\" aria-label=\"D\u00e9mocratie (2 \u00e9l\u00e9ments)\">D\u00e9mocratie<\/a>\n<a href=\"https:\/\/aporia.ovh\/index.php\/tag\/ellul\/\" class=\"tag-cloud-link tag-link-41 tag-link-position-9\" style=\"font-size: 8pt;\" aria-label=\"Ellul (1 \u00e9l\u00e9ment)\">Ellul<\/a>\n<a href=\"https:\/\/aporia.ovh\/index.php\/tag\/foi\/\" class=\"tag-cloud-link tag-link-52 tag-link-position-10\" style=\"font-size: 8pt;\" aria-label=\"Foi (1 \u00e9l\u00e9ment)\">Foi<\/a>\n<a href=\"https:\/\/aporia.ovh\/index.php\/tag\/geach\/\" class=\"tag-cloud-link tag-link-50 tag-link-position-11\" style=\"font-size: 8pt;\" aria-label=\"Geach (1 \u00e9l\u00e9ment)\">Geach<\/a>\n<a href=\"https:\/\/aporia.ovh\/index.php\/tag\/hardimon\/\" class=\"tag-cloud-link tag-link-36 tag-link-position-12\" style=\"font-size: 12.581818181818pt;\" aria-label=\"Hardimon (2 \u00e9l\u00e9ments)\">Hardimon<\/a>\n<a href=\"https:\/\/aporia.ovh\/index.php\/tag\/identite-personnelle\/\" class=\"tag-cloud-link tag-link-33 tag-link-position-13\" style=\"font-size: 8pt;\" aria-label=\"identit\u00e9 personnelle (1 \u00e9l\u00e9ment)\">identit\u00e9 personnelle<\/a>\n<a href=\"https:\/\/aporia.ovh\/index.php\/tag\/le-poidevin\/\" class=\"tag-cloud-link tag-link-39 tag-link-position-14\" style=\"font-size: 8pt;\" aria-label=\"Le Poidevin (1 \u00e9l\u00e9ment)\">Le Poidevin<\/a>\n<a href=\"https:\/\/aporia.ovh\/index.php\/tag\/metaphysique\/\" class=\"tag-cloud-link tag-link-16 tag-link-position-15\" style=\"font-size: 22pt;\" aria-label=\"m\u00e9taphysique (6 \u00e9l\u00e9ments)\">m\u00e9taphysique<\/a>\n<a href=\"https:\/\/aporia.ovh\/index.php\/tag\/nagel\/\" class=\"tag-cloud-link tag-link-29 tag-link-position-16\" style=\"font-size: 8pt;\" aria-label=\"Nagel (1 \u00e9l\u00e9ment)\">Nagel<\/a>\n<a href=\"https:\/\/aporia.ovh\/index.php\/tag\/nature\/\" class=\"tag-cloud-link tag-link-32 tag-link-position-17\" style=\"font-size: 8pt;\" aria-label=\"nature (1 \u00e9l\u00e9ment)\">nature<\/a>\n<a href=\"https:\/\/aporia.ovh\/index.php\/tag\/parfit\/\" class=\"tag-cloud-link tag-link-28 tag-link-position-18\" style=\"font-size: 18.181818181818pt;\" aria-label=\"Parfit (4 \u00e9l\u00e9ments)\">Parfit<\/a>\n<a href=\"https:\/\/aporia.ovh\/index.php\/tag\/personne\/\" class=\"tag-cloud-link tag-link-34 tag-link-position-19\" style=\"font-size: 8pt;\" aria-label=\"personne (1 \u00e9l\u00e9ment)\">personne<\/a>\n<a href=\"https:\/\/aporia.ovh\/index.php\/tag\/piette\/\" class=\"tag-cloud-link tag-link-42 tag-link-position-20\" style=\"font-size: 8pt;\" aria-label=\"Piette (1 \u00e9l\u00e9ment)\">Piette<\/a>\n<a href=\"https:\/\/aporia.ovh\/index.php\/tag\/pluralisme\/\" class=\"tag-cloud-link tag-link-47 tag-link-position-21\" style=\"font-size: 8pt;\" aria-label=\"Pluralisme (1 \u00e9l\u00e9ment)\">Pluralisme<\/a>\n<a href=\"https:\/\/aporia.ovh\/index.php\/tag\/politique\/\" class=\"tag-cloud-link tag-link-57 tag-link-position-22\" style=\"font-size: 12.581818181818pt;\" aria-label=\"Politique (2 \u00e9l\u00e9ments)\">Politique<\/a>\n<a href=\"https:\/\/aporia.ovh\/index.php\/tag\/pragmatisme\/\" class=\"tag-cloud-link tag-link-49 tag-link-position-23\" style=\"font-size: 8pt;\" aria-label=\"Pragmatisme (1 \u00e9l\u00e9ment)\">Pragmatisme<\/a>\n<a href=\"https:\/\/aporia.ovh\/index.php\/tag\/racisme\/\" class=\"tag-cloud-link tag-link-35 tag-link-position-24\" style=\"font-size: 12.581818181818pt;\" aria-label=\"racisme (2 \u00e9l\u00e9ments)\">racisme<\/a>\n<a href=\"https:\/\/aporia.ovh\/index.php\/tag\/ravat\/\" class=\"tag-cloud-link tag-link-46 tag-link-position-25\" style=\"font-size: 8pt;\" aria-label=\"Ravat (1 \u00e9l\u00e9ment)\">Ravat<\/a>\n<a href=\"https:\/\/aporia.ovh\/index.php\/tag\/relations\/\" class=\"tag-cloud-link tag-link-45 tag-link-position-26\" style=\"font-size: 8pt;\" aria-label=\"Relations (1 \u00e9l\u00e9ment)\">Relations<\/a>\n<a href=\"https:\/\/aporia.ovh\/index.php\/tag\/religions\/\" class=\"tag-cloud-link tag-link-13 tag-link-position-27\" style=\"font-size: 22pt;\" aria-label=\"Religions (6 \u00e9l\u00e9ments)\">Religions<\/a>\n<a href=\"https:\/\/aporia.ovh\/index.php\/tag\/rosa\/\" class=\"tag-cloud-link tag-link-54 tag-link-position-28\" style=\"font-size: 8pt;\" aria-label=\"Rosa (1 \u00e9l\u00e9ment)\">Rosa<\/a>\n<a href=\"https:\/\/aporia.ovh\/index.php\/tag\/sacre\/\" class=\"tag-cloud-link tag-link-60 tag-link-position-29\" style=\"font-size: 8pt;\" aria-label=\"Sacr\u00e9 (1 \u00e9l\u00e9ment)\">Sacr\u00e9<\/a>\n<a href=\"https:\/\/aporia.ovh\/index.php\/tag\/seniguer\/\" class=\"tag-cloud-link tag-link-56 tag-link-position-30\" style=\"font-size: 8pt;\" aria-label=\"Seniguer (1 \u00e9l\u00e9ment)\">Seniguer<\/a>\n<a href=\"https:\/\/aporia.ovh\/index.php\/tag\/singulier\/\" class=\"tag-cloud-link tag-link-44 tag-link-position-31\" style=\"font-size: 8pt;\" aria-label=\"Singulier (1 \u00e9l\u00e9ment)\">Singulier<\/a>\n<a href=\"https:\/\/aporia.ovh\/index.php\/tag\/subjectivite\/\" class=\"tag-cloud-link tag-link-31 tag-link-position-32\" style=\"font-size: 8pt;\" aria-label=\"Subjectivit\u00e9 (1 \u00e9l\u00e9ment)\">Subjectivit\u00e9<\/a>\n<a href=\"https:\/\/aporia.ovh\/index.php\/tag\/vertu\/\" class=\"tag-cloud-link tag-link-51 tag-link-position-33\" style=\"font-size: 8pt;\" aria-label=\"Vertu (1 \u00e9l\u00e9ment)\">Vertu<\/a>\n<a href=\"https:\/\/aporia.ovh\/index.php\/tag\/vie-bonne\/\" class=\"tag-cloud-link tag-link-53 tag-link-position-34\" style=\"font-size: 8pt;\" aria-label=\"Vie bonne (1 \u00e9l\u00e9ment)\">Vie bonne<\/a>\n<a href=\"https:\/\/aporia.ovh\/index.php\/tag\/violence\/\" class=\"tag-cloud-link tag-link-58 tag-link-position-35\" style=\"font-size: 12.581818181818pt;\" aria-label=\"Violence (2 \u00e9l\u00e9ments)\">Violence<\/a>\n<a href=\"https:\/\/aporia.ovh\/index.php\/tag\/weil\/\" class=\"tag-cloud-link tag-link-59 tag-link-position-36\" style=\"font-size: 8pt;\" aria-label=\"Weil (1 \u00e9l\u00e9ment)\">Weil<\/a>\n<a href=\"https:\/\/aporia.ovh\/index.php\/tag\/wittgenstein\/\" class=\"tag-cloud-link tag-link-38 tag-link-position-37\" style=\"font-size: 8pt;\" aria-label=\"Wittgenstein (1 \u00e9l\u00e9ment)\">Wittgenstein<\/a>\n<a href=\"https:\/\/aporia.ovh\/index.php\/tag\/epistemologie\/\" class=\"tag-cloud-link tag-link-15 tag-link-position-38\" style=\"font-size: 12.581818181818pt;\" aria-label=\"\u00e9pist\u00e9mologie (2 \u00e9l\u00e9ments)\">\u00e9pist\u00e9mologie<\/a>\n<a href=\"https:\/\/aporia.ovh\/index.php\/tag\/ethique\/\" class=\"tag-cloud-link tag-link-27 tag-link-position-39\" style=\"font-size: 20.218181818182pt;\" aria-label=\"\u00e9thique (5 \u00e9l\u00e9ments)\">\u00e9thique<\/a><\/p>","protected":false},"excerpt":{"rendered":"<p>Articles publi\u00e9s sur le blog Antichambre des \u00e9ditions Agone, pour quelques Lumi\u00e8res dans un monde de brutes.<\/p>\n","protected":false},"author":1,"featured_media":0,"parent":0,"menu_order":0,"comment_status":"closed","ping_status":"closed","template":"","meta":{"_crdt_document":"","footnotes":""},"class_list":["post-48","page","type-page","status-publish","hentry"],"_links":{"self":[{"href":"https:\/\/aporia.ovh\/index.php\/wp-json\/wp\/v2\/pages\/48","targetHints":{"allow":["GET"]}}],"collection":[{"href":"https:\/\/aporia.ovh\/index.php\/wp-json\/wp\/v2\/pages"}],"about":[{"href":"https:\/\/aporia.ovh\/index.php\/wp-json\/wp\/v2\/types\/page"}],"author":[{"embeddable":true,"href":"https:\/\/aporia.ovh\/index.php\/wp-json\/wp\/v2\/users\/1"}],"replies":[{"embeddable":true,"href":"https:\/\/aporia.ovh\/index.php\/wp-json\/wp\/v2\/comments?post=48"}],"version-history":[{"count":6,"href":"https:\/\/aporia.ovh\/index.php\/wp-json\/wp\/v2\/pages\/48\/revisions"}],"predecessor-version":[{"id":202,"href":"https:\/\/aporia.ovh\/index.php\/wp-json\/wp\/v2\/pages\/48\/revisions\/202"}],"wp:attachment":[{"href":"https:\/\/aporia.ovh\/index.php\/wp-json\/wp\/v2\/media?parent=48"}],"curies":[{"name":"wp","href":"https:\/\/api.w.org\/{rel}","templated":true}]}}